{"id":288,"date":"2016-11-11T17:12:25","date_gmt":"2016-11-11T16:12:25","guid":{"rendered":"http:\/\/www.hirsche.eu\/alexander\/?page_id=288"},"modified":"2017-01-12T13:02:58","modified_gmt":"2017-01-12T12:02:58","slug":"presse","status":"publish","type":"page","link":"https:\/\/www.hirsche.eu\/alexander\/presse\/","title":{"rendered":"Presse"},"content":{"rendered":"<p>Verschiedene Medien haben \u00fcber unsere Arbeit auf Chios berichtet. Sch\u00f6n, dass dadurch Menschen auf das Schicksal von Gefl\u00fcchteten an unseren Au\u00dfengrenzen aufmerksam werden!<\/p>\n<p>19.11.2016 <a href=\"http:\/\/www.mittelhessen.de\/lokales\/region-marburg-biedenkopf_artikel,-Das-andere-Europa-gibt-es-auch-_arid,792741.html\" target=\"_blank\">Hinterl\u00e4nder Anzeiger: &#8222;Das andere Europa gibt es auch&#8220;<\/a><\/p>\n<p>11.11.2016 <a href=\"http:\/\/move36-marburg.de\/marburg-tag-nacht\/mutig-ist-es-sich-in-ein-schlauchboot-zu-setzen\" target=\"_blank\">move@marburg: &#8222;Mutig ist es, sich in ein Schlauchboot zu setzen&#8220;<\/a><\/p>\n<p>24.10.2016 <a href=\"http:\/\/www.shz.de\/lokales\/schenefelder-tageblatt\/das-gefuehl-gott-klopft-bei-mir-an-id15165361.html\" target=\"_blank\">Schenefelder Tageblatt: &#8222;Das Gef\u00fchl, Gott klopft bei mir an&#8220;<\/a><\/p>\n<p><img loading=\"lazy\" decoding=\"async\" class=\"wp-image-278 size-large aligncenter\" src=\"http:\/\/www.hirsche.eu\/alexander\/wp-content\/uploads\/2016\/10\/A.-Hirsch-Pinneberger-Tageblatt-241016-e1477424952464-1024x655.jpg\" alt=\"a-hirsch-pinneberger-tageblatt-241016\" width=\"840\" height=\"537\" srcset=\"https:\/\/www.hirsche.eu\/wordpress\/wp-content\/uploads\/2016\/10\/A.-Hirsch-Pinneberger-Tageblatt-241016-e1477424952464-1024x655.jpg 1024w, https:\/\/www.hirsche.eu\/wordpress\/wp-content\/uploads\/2016\/10\/A.-Hirsch-Pinneberger-Tageblatt-241016-e1477424952464-300x192.jpg 300w, https:\/\/www.hirsche.eu\/wordpress\/wp-content\/uploads\/2016\/10\/A.-Hirsch-Pinneberger-Tageblatt-241016-e1477424952464-768x491.jpg 768w, https:\/\/www.hirsche.eu\/wordpress\/wp-content\/uploads\/2016\/10\/A.-Hirsch-Pinneberger-Tageblatt-241016-e1477424952464-1200x768.jpg 1200w, https:\/\/www.hirsche.eu\/wordpress\/wp-content\/uploads\/2016\/10\/A.-Hirsch-Pinneberger-Tageblatt-241016-e1477424952464.jpg 2024w\" sizes=\"auto, (max-width: 840px) 100vw, 840px\" \/><\/p>\n<p>11.3.2016 <a href=\"https:\/\/youtu.be\/AmcVuBMy_6U\" target=\"_blank\">Oberhessische Presse: Marburger Pastor k\u00e4mpft gegen Fl\u00fcchtlings-Elend (YouTube)<\/a><\/p>\n<p><iframe loading=\"lazy\" title=\"Marburger Pastor k\u00e4mpft gegen Fl\u00fcchtlings-Elend\" width=\"500\" height=\"281\" src=\"https:\/\/www.youtube.com\/embed\/AmcVuBMy_6U?feature=oembed\" frameborder=\"0\" allow=\"accelerometer; autoplay; clipboard-write; encrypted-media; gyroscope; picture-in-picture; web-share\" referrerpolicy=\"strict-origin-when-cross-origin\" allowfullscreen><\/iframe><\/p>\n<p>4.2.2016 <a href=\"http:\/\/marburg.move36.de\/marburg-tag-nacht\/die-humanistische-kuestenwache-von-chios\" target=\"_blank\">move@marburg: &#8222;Die humanistische K\u00fcstenwache von Chios&#8220;<\/a><\/p>\n<p>1.2.2016 <a href=\"http:\/\/www.mittelhessen.de\/lokales\/region-marburg-biedenkopf_artikel,-Marburger-Pastor-reist-nach-Chios-_arid,631188.html\" target=\"_blank\">Hinterl\u00e4nder Anzeiger: Marburger Pastor reist nach Chios<\/a> (hinter der Paywall)<\/p>\n<p>31.1.2016 <a href=\"http:\/\/www.op-marburg.de\/Lokales\/Marburg\/Pastor-kaempft-gegen-Fluechtlings-Elend\" target=\"_blank\">Oberhessische Presse: &#8222;Hilfe auf Chios &#8211; Pastor k\u00e4mpft gegen Fl\u00fcchtlings-Elend&#8220;<\/a> (hinter der Paywall)<\/p>\n<p>30.1.2016 <a href=\"http:\/\/www.idea.de\/menschenrechte\/detail\/hessischer-pastor-hilft-fluechtlingen-in-griechenland-93532.html\" target=\"_blank\">idea: &#8222;Hessischer Pastor hilft Fl\u00fcchtlingen&#8220;<\/a> (hinter der Paywall)<\/p>\n<p>19.1.2016 <a href=\"http:\/\/www.erf.de\/index.php?node=6719&amp;content_item=4496\" target=\"_blank\">ERF Plus &#8211; Aktuelles vom Tag: &#8222;Menschen wie du und ich&#8220;<\/a> (Audio-Interview)<\/p>\n<p>19.1.2016 <a href=\"http:\/\/www.erf.de\/index.php?node=2270-542-5378\" target=\"_blank\">ERF: &#8222;Das sind Menschen wie du und ich&#8220;<\/a><\/p>\n<p>&nbsp;<\/p>\n","protected":false},"excerpt":{"rendered":"<p>Verschiedene Medien haben \u00fcber unsere Arbeit auf Chios berichtet. Sch\u00f6n, dass dadurch Menschen auf das Schicksal von Gefl\u00fcchteten an unseren Au\u00dfengrenzen aufmerksam werden! 19.11.2016 Hinterl\u00e4nder Anzeiger: &#8222;Das andere Europa gibt es auch&#8220; 11.11.2016 move@marburg: &#8222;Mutig ist es, sich in ein Schlauchboot zu setzen&#8220; 24.10.2016 Schenefelder Tageblatt: &#8222;Das Gef\u00fchl, Gott klopft bei mir an&#8220; 11.3.2016 Oberhessische [&hellip;]<\/p>\n","protected":false},"author":1,"featured_media":0,"parent":0,"menu_order":2,"comment_status":"closed","ping_status":"closed","template":"","meta":{"footnotes":""},"class_list":["post-288","page","type-page","status-publish","hentry"],"_links":{"self":[{"href":"https:\/\/www.hirsche.eu\/alexander\/wp-json\/wp\/v2\/pages\/288","targetHints":{"allow":["GET"]}}],"collection":[{"href":"https:\/\/www.hirsche.eu\/alexander\/wp-json\/wp\/v2\/pages"}],"about":[{"href":"https:\/\/www.hirsche.eu\/alexander\/wp-json\/wp\/v2\/types\/page"}],"author":[{"embeddable":true,"href":"https:\/\/www.hirsche.eu\/alexander\/wp-json\/wp\/v2\/users\/1"}],"replies":[{"embeddable":true,"href":"https:\/\/www.hirsche.eu\/alexander\/wp-json\/wp\/v2\/comments?post=288"}],"version-history":[{"count":7,"href":"https:\/\/www.hirsche.eu\/alexander\/wp-json\/wp\/v2\/pages\/288\/revisions"}],"predecessor-version":[{"id":302,"href":"https:\/\/www.hirsche.eu\/alexander\/wp-json\/wp\/v2\/pages\/288\/revisions\/302"}],"wp:attachment":[{"href":"https:\/\/www.hirsche.eu\/alexander\/wp-json\/wp\/v2\/media?parent=288"}],"curies":[{"name":"wp","href":"https:\/\/api.w.org\/{rel}","templated":true}]}}