{"id":18,"date":"2015-12-29T00:38:46","date_gmt":"2015-12-28T23:38:46","guid":{"rendered":"http:\/\/www.hirsche.eu\/alexander\/?page_id=18"},"modified":"2016-11-11T17:14:41","modified_gmt":"2016-11-11T16:14:41","slug":"unterwegs-zu-hause","status":"publish","type":"page","link":"https:\/\/www.hirsche.eu\/alexander\/unterwegs-zu-hause\/","title":{"rendered":"Unterwegs? Zu Hause?"},"content":{"rendered":"<p><strong>Unterwegs zu Hause &#8211; zu Hause unterwegs? <\/strong><\/p>\n<p>Ein Motto f\u00fcr Globetrotter, Rastlose, moderne Nomaden?<\/p>\n<p>Vielleicht auch, aber das bin ich sicher nicht &#8211; oder doch meist nur &#8222;mit dem Finger auf der Landkarte&#8220;.<br \/>\nAber ich m\u00f6chte doch beweglich bleiben &#8211; neue Menschen kennen lernen, neue Standpunkte einnehmen, neues Land unter meine F\u00fc\u00dfe nehmen &#8211; metaphorisch und ganz buchst\u00e4blich. Meine Erfahrung soweit: Immer wieder entdecke ich dabei ein St\u00fcck &#8222;home away from home&#8220;. Weil Menschen, egal wo, doch immer wieder sehr \u00e4hnliche W\u00fcnsche, Tr\u00e4ume, Sehns\u00fcchte haben. Und weil Kinder Gottes \u00fcberall Familie finden.<\/p>\n<p>Und auch wenn ich meist in meinem Areal von ein paar Kilometern im Quadrat unterwegs bin, auch wenn wir Ende 2014 so richtig sesshaft geworden sind &#8211; ich m\u00f6chte nicht so einwurzeln, dass ich mich gar nicht mehr bewege.<\/p>\n<p>Weil diese Welt viel zu gro\u00df und viel zu sch\u00f6n ist. Weil der Zuhause-Begriff sich in meiner Familie schon \u00fcber drei Kontinente erstreckt. Weil mein Auftrag gr\u00f6\u00dfer ist unsere sch\u00f6ne Stadt, in den Worten von Wesley: &#8222;The World is my parish&#8220;.<\/p>\n<p>Und weil mein wirkliches Zuhause erst noch kommt.<\/p>\n","protected":false},"excerpt":{"rendered":"<p>Unterwegs zu Hause &#8211; zu Hause unterwegs? Ein Motto f\u00fcr Globetrotter, Rastlose, moderne Nomaden? Vielleicht auch, aber das bin ich sicher nicht &#8211; oder doch meist nur &#8222;mit dem Finger auf der Landkarte&#8220;. Aber ich m\u00f6chte doch beweglich bleiben &#8211; neue Menschen kennen lernen, neue Standpunkte einnehmen, neues Land unter meine F\u00fc\u00dfe nehmen &#8211; metaphorisch [&hellip;]<\/p>\n","protected":false},"author":1,"featured_media":0,"parent":0,"menu_order":0,"comment_status":"closed","ping_status":"closed","template":"","meta":{"footnotes":""},"class_list":["post-18","page","type-page","status-publish","hentry"],"_links":{"self":[{"href":"https:\/\/www.hirsche.eu\/alexander\/wp-json\/wp\/v2\/pages\/18","targetHints":{"allow":["GET"]}}],"collection":[{"href":"https:\/\/www.hirsche.eu\/alexander\/wp-json\/wp\/v2\/pages"}],"about":[{"href":"https:\/\/www.hirsche.eu\/alexander\/wp-json\/wp\/v2\/types\/page"}],"author":[{"embeddable":true,"href":"https:\/\/www.hirsche.eu\/alexander\/wp-json\/wp\/v2\/users\/1"}],"replies":[{"embeddable":true,"href":"https:\/\/www.hirsche.eu\/alexander\/wp-json\/wp\/v2\/comments?post=18"}],"version-history":[{"count":2,"href":"https:\/\/www.hirsche.eu\/alexander\/wp-json\/wp\/v2\/pages\/18\/revisions"}],"predecessor-version":[{"id":291,"href":"https:\/\/www.hirsche.eu\/alexander\/wp-json\/wp\/v2\/pages\/18\/revisions\/291"}],"wp:attachment":[{"href":"https:\/\/www.hirsche.eu\/alexander\/wp-json\/wp\/v2\/media?parent=18"}],"curies":[{"name":"wp","href":"https:\/\/api.w.org\/{rel}","templated":true}]}}